{"id":23244,"date":"2023-12-05T11:58:34","date_gmt":"2023-12-05T11:58:34","guid":{"rendered":"https:\/\/fiduciaris.ch\/?page_id=23244"},"modified":"2023-12-05T13:15:40","modified_gmt":"2023-12-05T13:15:40","slug":"impressum","status":"publish","type":"page","link":"https:\/\/fiduciaris.ch\/?page_id=23244","title":{"rendered":"Impressum"},"content":{"rendered":"\t\t<div data-elementor-type=\"wp-page\" data-elementor-id=\"23244\" class=\"elementor elementor-23244\">\n\t\t\t\t\t\t\t\t\t<section class=\"elementor-section elementor-top-section elementor-element elementor-element-febb31f elementor-section-boxed elementor-section-height-default elementor-section-height-default\" data-id=\"febb31f\" data-element_type=\"section\">\n\t\t\t\t\t\t<div class=\"elementor-container elementor-column-gap-default\">\n\t\t\t\t\t<div class=\"elementor-column elementor-col-100 elementor-top-column elementor-element elementor-element-82fedb7\" data-id=\"82fedb7\" data-element_type=\"column\">\n\t\t\t<div class=\"elementor-widget-wrap elementor-element-populated\">\n\t\t\t\t\t\t\t\t<div class=\"elementor-element elementor-element-a82b4c4 elementor-widget elementor-widget-heading\" data-id=\"a82b4c4\" data-element_type=\"widget\" data-widget_type=\"heading.default\">\n\t\t\t\t<div class=\"elementor-widget-container\">\n\t\t\t<style>\/*! elementor - v3.11.5 - 14-03-2023 *\/\n.elementor-heading-title{padding:0;margin:0;line-height:1}.elementor-widget-heading .elementor-heading-title[class*=elementor-size-]>a{color:inherit;font-size:inherit;line-height:inherit}.elementor-widget-heading .elementor-heading-title.elementor-size-small{font-size:15px}.elementor-widget-heading .elementor-heading-title.elementor-size-medium{font-size:19px}.elementor-widget-heading .elementor-heading-title.elementor-size-large{font-size:29px}.elementor-widget-heading .elementor-heading-title.elementor-size-xl{font-size:39px}.elementor-widget-heading .elementor-heading-title.elementor-size-xxl{font-size:59px}<\/style><h1 class=\"elementor-heading-title elementor-size-xl\">Impressum<\/h1>\t\t<\/div>\n\t\t\t\t<\/div>\n\t\t\t\t<div class=\"elementor-element elementor-element-86f5919 elementor-widget elementor-widget-spacer\" data-id=\"86f5919\" data-element_type=\"widget\" data-widget_type=\"spacer.default\">\n\t\t\t\t<div class=\"elementor-widget-container\">\n\t\t\t<style>\/*! elementor - v3.11.5 - 14-03-2023 *\/\n.elementor-column .elementor-spacer-inner{height:var(--spacer-size)}.e-con{--container-widget-width:100%}.e-con-inner>.elementor-widget-spacer,.e-con>.elementor-widget-spacer{width:var(--container-widget-width,var(--spacer-size));--align-self:var(--container-widget-align-self,initial);--flex-shrink:0}.e-con-inner>.elementor-widget-spacer>.elementor-widget-container,.e-con-inner>.elementor-widget-spacer>.elementor-widget-container>.elementor-spacer,.e-con>.elementor-widget-spacer>.elementor-widget-container,.e-con>.elementor-widget-spacer>.elementor-widget-container>.elementor-spacer{height:100%}.e-con-inner>.elementor-widget-spacer>.elementor-widget-container>.elementor-spacer>.elementor-spacer-inner,.e-con>.elementor-widget-spacer>.elementor-widget-container>.elementor-spacer>.elementor-spacer-inner{height:var(--container-widget-height,var(--spacer-size))}<\/style>\t\t<div class=\"elementor-spacer\">\n\t\t\t<div class=\"elementor-spacer-inner\"><\/div>\n\t\t<\/div>\n\t\t\t\t<\/div>\n\t\t\t\t<\/div>\n\t\t\t\t<div class=\"elementor-element elementor-element-f0e15eb elementor-widget elementor-widget-text-editor\" data-id=\"f0e15eb\" data-element_type=\"widget\" data-widget_type=\"text-editor.default\">\n\t\t\t\t<div class=\"elementor-widget-container\">\n\t\t\t<style>\/*! elementor - v3.11.5 - 14-03-2023 *\/\n.elementor-widget-text-editor.elementor-drop-cap-view-stacked .elementor-drop-cap{background-color:#818a91;color:#fff}.elementor-widget-text-editor.elementor-drop-cap-view-framed .elementor-drop-cap{color:#818a91;border:3px solid;background-color:transparent}.elementor-widget-text-editor:not(.elementor-drop-cap-view-default) .elementor-drop-cap{margin-top:8px}.elementor-widget-text-editor:not(.elementor-drop-cap-view-default) .elementor-drop-cap-letter{width:1em;height:1em}.elementor-widget-text-editor .elementor-drop-cap{float:left;text-align:center;line-height:1;font-size:50px}.elementor-widget-text-editor .elementor-drop-cap-letter{display:inline-block}<\/style>\t\t\t\t<p><strong>ANGABEN ENTSPRECHEN DEM \u00a7 5 TMG:<\/strong><br \/>Antonio Valentino<br \/>Fl\u00fcelastrasse 27<br \/>8047 Z\u00fcrich<\/p>\t\t\t\t\t\t<\/div>\n\t\t\t\t<\/div>\n\t\t\t\t<div class=\"elementor-element elementor-element-a2d42b7 elementor-widget elementor-widget-text-editor\" data-id=\"a2d42b7\" data-element_type=\"widget\" data-widget_type=\"text-editor.default\">\n\t\t\t\t<div class=\"elementor-widget-container\">\n\t\t\t\t\t\t\t<p><strong>VERTRETEN DURCH:<\/strong><br \/>Antonio Valentino<br \/>Fl\u00fcelastrasse 27<br \/>8047 Z\u00fcrich<br \/>Telefonnummer: 044 310 12 33<br \/>E-Mail Adresse: info@fiduciaris.ch<br \/>Haftungsausschluss<\/p>\t\t\t\t\t\t<\/div>\n\t\t\t\t<\/div>\n\t\t\t\t<div class=\"elementor-element elementor-element-6ba402d elementor-widget elementor-widget-text-editor\" data-id=\"6ba402d\" data-element_type=\"widget\" data-widget_type=\"text-editor.default\">\n\t\t\t\t<div class=\"elementor-widget-container\">\n\t\t\t\t\t\t\t<p><strong>Haftung f\u00fcr Inhalte<\/strong><br \/>Als Anbieter von Dienstleistungen sind wir laut \u00a7 7 Abs.1 TMG verantwortlich f\u00fcr alle eigene Inhalte die auf diesen Seiten angeboten werden. Gem\u00e4\u00df \u00a7\u00a7 8 bis 10 TMG sind wir als Anbieter dagegen nicht verpflichtet, eingereichte oder gespeicherte Informationen anderer Quellen zu \u00fcberwachen oder zu pr\u00fcfen, ob diese auf rechtswidrige T\u00e4tigkeiten verweisen. Die Verpflichtung, die Nutzung von Informationen nach den allgemeinen Gesetzen zu Entfernen oder zu sperren, bleiben davon jedoch unber\u00fchrt. Die Haftung w\u00e4re in diesem Falle erst dann m\u00f6glich, wenn Kenntnisse \u00fcber eine konkrete Rechtsverletzung vorliegen. Sollte eine Rechtsverletzung bekannt werden, werden wir die entsprechenden Inhalte so schnell wie technisch m\u00f6glich entfernen.<\/p>\t\t\t\t\t\t<\/div>\n\t\t\t\t<\/div>\n\t\t\t\t<div class=\"elementor-element elementor-element-b958ed6 elementor-widget elementor-widget-text-editor\" data-id=\"b958ed6\" data-element_type=\"widget\" data-widget_type=\"text-editor.default\">\n\t\t\t\t<div class=\"elementor-widget-container\">\n\t\t\t\t\t\t\t<p><strong>Haftung f\u00fcr Links Dritter<\/strong><br \/>Unsere Webseite enth\u00e4lt Links auf Webseiten anderer Anbieter. Wir haben keinen Einfluss auf deren Inhalte. Aus diesem Grund kann von unserer Seite keine Haftung oder Gew\u00e4hr f\u00fcr diese fremden Inhalte \u00fcbernommen werden. F\u00fcr die Inhalte der jeweiligen Webseiten ist nur der entsprechende Anbieter oder Betreiber der Seite verantwortlich. Zum Zeitpunkt des Einf\u00fcgens eines Links wurden die entsprechenden Seiten auf Rechtsverst\u00f6\u00dfe \u00fcberpr\u00fcft. Zu diesem Zeitpunkt wurden keine rechtswidrigen Inhalte entdeckt. Aus technischen Gr\u00fcnden ist es unm\u00f6glich, alle verlinkten Seiten, ohne konkrete Anhaltspunkte einer Rechtsverletzung, regelm\u00e4\u00dfig zu \u00fcberpr\u00fcfen. Sobald uns eine Rechtsverletzungen bekannt wird werden wir den entsprechenden Link umgehend l\u00f6schen.<\/p>\t\t\t\t\t\t<\/div>\n\t\t\t\t<\/div>\n\t\t\t\t<div class=\"elementor-element elementor-element-ca723c7 elementor-widget elementor-widget-text-editor\" data-id=\"ca723c7\" data-element_type=\"widget\" data-widget_type=\"text-editor.default\">\n\t\t\t\t<div class=\"elementor-widget-container\">\n\t\t\t\t\t\t\t<p><strong>Urheberrecht<\/strong><br \/>Alle von uns zur Verf\u00fcgung gestellten Inhalte und Bilder auf den folgenden Seiten unterliegen dem Schweizer Urheberrecht. Vervielf\u00e4ltigung, Ver\u00e4nderung, Verbreitung und jegliche Form der Verwertung au\u00dferhalb der Grenzen des Urheberrechtes sind nur mit schriftlicher Zustimmung der Autoren oder dem Anbieter m\u00f6glich. Das Herunterladen oder Kopieren dieser Seiten ist ausnahmslos nur f\u00fcr den privaten, nicht kommerziellen Gebrauch erlaubt. Inhalte der Seiten, die nicht von uns erstellt wurden, unterliegen dem Urheberrecht Dritter. Inhalte Dritter sind stets entsprechend gekennzeichnet. Sollten Sie auf unseren Seiten eine Urheberrechtsverletzung entdecken, teilen Sie es uns bitte mit. Sollte uns eine Rechtsverletzungen bekannt werden, werden wir die entsprechenden Inhalte l\u00f6schen.<\/p>\t\t\t\t\t\t<\/div>\n\t\t\t\t<\/div>\n\t\t\t\t\t<\/div>\n\t\t<\/div>\n\t\t\t\t\t\t\t<\/div>\n\t\t<\/section>\n\t\t\t\t\t\t\t<\/div>\n\t\t","protected":false},"excerpt":{"rendered":"<p>Impressum ANGABEN ENTSPRECHEN DEM \u00a7 5 TMG:Antonio ValentinoFl\u00fcelastrasse 278047 Z\u00fcrich VERTRETEN DURCH:Antonio ValentinoFl\u00fcelastrasse 278047 Z\u00fcrichTelefonnummer: 044 310 12 33E-Mail Adresse: info@fiduciaris.chHaftungsausschluss Haftung f\u00fcr InhalteAls Anbieter von Dienstleistungen sind wir laut \u00a7 7 Abs.1 TMG verantwortlich f\u00fcr alle eigene Inhalte die auf diesen Seiten angeboten werden. Gem\u00e4\u00df \u00a7\u00a7 8 bis 10 TMG sind wir als Anbieter [&hellip;]<\/p>\n","protected":false},"author":1,"featured_media":0,"parent":0,"menu_order":0,"comment_status":"closed","ping_status":"closed","template":"","meta":{"_mi_skip_tracking":false,"footnotes":""},"class_list":["post-23244","page","type-page","status-publish","hentry"],"aioseo_notices":[],"_links":{"self":[{"href":"https:\/\/fiduciaris.ch\/index.php?rest_route=\/wp\/v2\/pages\/23244","targetHints":{"allow":["GET"]}}],"collection":[{"href":"https:\/\/fiduciaris.ch\/index.php?rest_route=\/wp\/v2\/pages"}],"about":[{"href":"https:\/\/fiduciaris.ch\/index.php?rest_route=\/wp\/v2\/types\/page"}],"author":[{"embeddable":true,"href":"https:\/\/fiduciaris.ch\/index.php?rest_route=\/wp\/v2\/users\/1"}],"replies":[{"embeddable":true,"href":"https:\/\/fiduciaris.ch\/index.php?rest_route=%2Fwp%2Fv2%2Fcomments&post=23244"}],"version-history":[{"count":4,"href":"https:\/\/fiduciaris.ch\/index.php?rest_route=\/wp\/v2\/pages\/23244\/revisions"}],"predecessor-version":[{"id":23249,"href":"https:\/\/fiduciaris.ch\/index.php?rest_route=\/wp\/v2\/pages\/23244\/revisions\/23249"}],"wp:attachment":[{"href":"https:\/\/fiduciaris.ch\/index.php?rest_route=%2Fwp%2Fv2%2Fmedia&parent=23244"}],"curies":[{"name":"wp","href":"https:\/\/api.w.org\/{rel}","templated":true}]}}