{"id":2684,"date":"2021-01-17T06:44:42","date_gmt":"2021-01-17T06:44:42","guid":{"rendered":"https:\/\/demo.themexbd.com\/wpt\/logonit\/home-6"},"modified":"2023-03-06T09:26:04","modified_gmt":"2023-03-06T09:26:04","slug":"home-2","status":"publish","type":"page","link":"https:\/\/fiduciaris.ch\/","title":{"rendered":"Home"},"content":{"rendered":"\t\t<div data-elementor-type=\"wp-page\" data-elementor-id=\"2684\" class=\"elementor elementor-2684\">\n\t\t\t\t\t\t\t\t\t<section class=\"elementor-section elementor-top-section elementor-element elementor-element-5d84ccb elementor-section-boxed elementor-section-height-default elementor-section-height-default\" data-id=\"5d84ccb\" data-element_type=\"section\">\n\t\t\t\t\t\t<div class=\"elementor-container elementor-column-gap-default\">\n\t\t\t\t\t<div class=\"elementor-column elementor-col-100 elementor-top-column elementor-element elementor-element-70c949a\" data-id=\"70c949a\" data-element_type=\"column\">\n\t\t\t<div class=\"elementor-widget-wrap elementor-element-populated\">\n\t\t\t\t\t\t\t\t<div class=\"elementor-element elementor-element-e49fda3 elementor-widget elementor-widget-text-editor\" data-id=\"e49fda3\" data-element_type=\"widget\" data-widget_type=\"text-editor.default\">\n\t\t\t\t<div class=\"elementor-widget-container\">\n\t\t\t<style>\/*! elementor - v3.11.5 - 14-03-2023 *\/\n.elementor-widget-text-editor.elementor-drop-cap-view-stacked .elementor-drop-cap{background-color:#818a91;color:#fff}.elementor-widget-text-editor.elementor-drop-cap-view-framed .elementor-drop-cap{color:#818a91;border:3px solid;background-color:transparent}.elementor-widget-text-editor:not(.elementor-drop-cap-view-default) .elementor-drop-cap{margin-top:8px}.elementor-widget-text-editor:not(.elementor-drop-cap-view-default) .elementor-drop-cap-letter{width:1em;height:1em}.elementor-widget-text-editor .elementor-drop-cap{float:left;text-align:center;line-height:1;font-size:50px}.elementor-widget-text-editor .elementor-drop-cap-letter{display:inline-block}<\/style>\t\t\t\t<h1>\u00a0<\/h1><h1>&#8220;Steuerberatung ist nicht nur eine Frage der Kompetenz.&#8221;<\/h1><div>\u00a0<\/div>\t\t\t\t\t\t<\/div>\n\t\t\t\t<\/div>\n\t\t\t\t<div class=\"elementor-element elementor-element-42521a6 elementor-widget elementor-widget-text-editor\" data-id=\"42521a6\" data-element_type=\"widget\" data-widget_type=\"text-editor.default\">\n\t\t\t\t<div class=\"elementor-widget-container\">\n\t\t\t\t\t\t\t<h1 style=\"transition-property: all; text-align: right;\">&#8220;Steuerberatung ist vor allem eine Frage des Vertrauens.&#8221;<\/h1>\t\t\t\t\t\t<\/div>\n\t\t\t\t<\/div>\n\t\t\t\t<div class=\"elementor-element elementor-element-06f2eba elementor-widget elementor-widget-image\" data-id=\"06f2eba\" data-element_type=\"widget\" data-widget_type=\"image.default\">\n\t\t\t\t<div class=\"elementor-widget-container\">\n\t\t\t<style>\/*! elementor - v3.11.5 - 14-03-2023 *\/\n.elementor-widget-image{text-align:center}.elementor-widget-image a{display:inline-block}.elementor-widget-image a img[src$=\".svg\"]{width:48px}.elementor-widget-image img{vertical-align:middle;display:inline-block}<\/style>\t\t\t\t\t\t\t\t\t\t\t\t<img loading=\"lazy\" decoding=\"async\" width=\"2048\" height=\"590\" src=\"https:\/\/fiduciaris.ch\/wp-content\/uploads\/2023\/02\/AdobeStock_128352301.jpeg\" class=\"attachment-full size-full wp-image-23215\" alt=\"\" srcset=\"https:\/\/fiduciaris.ch\/wp-content\/uploads\/2023\/02\/AdobeStock_128352301.jpeg 2048w, https:\/\/fiduciaris.ch\/wp-content\/uploads\/2023\/02\/AdobeStock_128352301-300x86.jpeg 300w, https:\/\/fiduciaris.ch\/wp-content\/uploads\/2023\/02\/AdobeStock_128352301-1024x295.jpeg 1024w, https:\/\/fiduciaris.ch\/wp-content\/uploads\/2023\/02\/AdobeStock_128352301-768x221.jpeg 768w, https:\/\/fiduciaris.ch\/wp-content\/uploads\/2023\/02\/AdobeStock_128352301-1536x443.jpeg 1536w\" sizes=\"auto, (max-width: 2048px) 100vw, 2048px\" \/>\t\t\t\t\t\t\t\t\t\t\t\t\t\t\t<\/div>\n\t\t\t\t<\/div>\n\t\t\t\t\t<\/div>\n\t\t<\/div>\n\t\t\t\t\t\t\t<\/div>\n\t\t<\/section>\n\t\t\t\t<section class=\"elementor-section elementor-top-section elementor-element elementor-element-28115f7 elementor-section-boxed elementor-section-height-default elementor-section-height-default\" data-id=\"28115f7\" data-element_type=\"section\">\n\t\t\t\t\t\t<div class=\"elementor-container elementor-column-gap-default\">\n\t\t\t\t\t<div class=\"elementor-column elementor-col-100 elementor-top-column elementor-element elementor-element-97cc8d7\" data-id=\"97cc8d7\" data-element_type=\"column\">\n\t\t\t<div class=\"elementor-widget-wrap elementor-element-populated\">\n\t\t\t\t\t\t\t\t<div class=\"elementor-element elementor-element-fb376d8 elementor-widget elementor-widget-spacer\" data-id=\"fb376d8\" data-element_type=\"widget\" data-widget_type=\"spacer.default\">\n\t\t\t\t<div class=\"elementor-widget-container\">\n\t\t\t<style>\/*! elementor - v3.11.5 - 14-03-2023 *\/\n.elementor-column .elementor-spacer-inner{height:var(--spacer-size)}.e-con{--container-widget-width:100%}.e-con-inner>.elementor-widget-spacer,.e-con>.elementor-widget-spacer{width:var(--container-widget-width,var(--spacer-size));--align-self:var(--container-widget-align-self,initial);--flex-shrink:0}.e-con-inner>.elementor-widget-spacer>.elementor-widget-container,.e-con-inner>.elementor-widget-spacer>.elementor-widget-container>.elementor-spacer,.e-con>.elementor-widget-spacer>.elementor-widget-container,.e-con>.elementor-widget-spacer>.elementor-widget-container>.elementor-spacer{height:100%}.e-con-inner>.elementor-widget-spacer>.elementor-widget-container>.elementor-spacer>.elementor-spacer-inner,.e-con>.elementor-widget-spacer>.elementor-widget-container>.elementor-spacer>.elementor-spacer-inner{height:var(--container-widget-height,var(--spacer-size))}<\/style>\t\t<div class=\"elementor-spacer\">\n\t\t\t<div class=\"elementor-spacer-inner\"><\/div>\n\t\t<\/div>\n\t\t\t\t<\/div>\n\t\t\t\t<\/div>\n\t\t\t\t\t<\/div>\n\t\t<\/div>\n\t\t\t\t\t\t\t<\/div>\n\t\t<\/section>\n\t\t\t\t<section class=\"elementor-section elementor-top-section elementor-element elementor-element-f2a1f0c elementor-section-boxed elementor-section-height-default elementor-section-height-default\" data-id=\"f2a1f0c\" data-element_type=\"section\">\n\t\t\t\t\t\t<div class=\"elementor-container elementor-column-gap-default\">\n\t\t\t\t\t<div class=\"elementor-column elementor-col-50 elementor-top-column elementor-element elementor-element-b2af90f\" data-id=\"b2af90f\" data-element_type=\"column\">\n\t\t\t<div class=\"elementor-widget-wrap elementor-element-populated\">\n\t\t\t\t\t\t\t\t<div class=\"elementor-element elementor-element-e437d05 elementor-widget elementor-widget-heading\" data-id=\"e437d05\" data-element_type=\"widget\" data-widget_type=\"heading.default\">\n\t\t\t\t<div class=\"elementor-widget-container\">\n\t\t\t<style>\/*! elementor - v3.11.5 - 14-03-2023 *\/\n.elementor-heading-title{padding:0;margin:0;line-height:1}.elementor-widget-heading .elementor-heading-title[class*=elementor-size-]>a{color:inherit;font-size:inherit;line-height:inherit}.elementor-widget-heading .elementor-heading-title.elementor-size-small{font-size:15px}.elementor-widget-heading .elementor-heading-title.elementor-size-medium{font-size:19px}.elementor-widget-heading .elementor-heading-title.elementor-size-large{font-size:29px}.elementor-widget-heading .elementor-heading-title.elementor-size-xl{font-size:39px}.elementor-widget-heading .elementor-heading-title.elementor-size-xxl{font-size:59px}<\/style><h2 class=\"elementor-heading-title elementor-size-default\">Steuererkl\u00e4rung<\/h2>\t\t<\/div>\n\t\t\t\t<\/div>\n\t\t\t\t\t<\/div>\n\t\t<\/div>\n\t\t\t\t<div class=\"elementor-column elementor-col-50 elementor-top-column elementor-element elementor-element-2b72fbc\" data-id=\"2b72fbc\" data-element_type=\"column\">\n\t\t\t<div class=\"elementor-widget-wrap elementor-element-populated\">\n\t\t\t\t\t\t\t\t<div class=\"elementor-element elementor-element-7ba9875 elementor-widget elementor-widget-heading\" data-id=\"7ba9875\" data-element_type=\"widget\" data-widget_type=\"heading.default\">\n\t\t\t\t<div class=\"elementor-widget-container\">\n\t\t\t<h2 class=\"elementor-heading-title elementor-size-default\">Steuerberatung<\/h2>\t\t<\/div>\n\t\t\t\t<\/div>\n\t\t\t\t\t<\/div>\n\t\t<\/div>\n\t\t\t\t\t\t\t<\/div>\n\t\t<\/section>\n\t\t\t\t<section class=\"elementor-section elementor-top-section elementor-element elementor-element-4537df1 elementor-section-boxed elementor-section-height-default elementor-section-height-default\" data-id=\"4537df1\" data-element_type=\"section\">\n\t\t\t\t\t\t<div class=\"elementor-container elementor-column-gap-default\">\n\t\t\t\t\t<div class=\"elementor-column elementor-col-50 elementor-top-column elementor-element elementor-element-7d35288\" data-id=\"7d35288\" data-element_type=\"column\">\n\t\t\t<div class=\"elementor-widget-wrap elementor-element-populated\">\n\t\t\t\t\t\t\t\t<div class=\"elementor-element elementor-element-947f968 elementor-widget elementor-widget-text-editor\" data-id=\"947f968\" data-element_type=\"widget\" data-widget_type=\"text-editor.default\">\n\t\t\t\t<div class=\"elementor-widget-container\">\n\t\t\t\t\t\t\t<p><strong>Erstellen der j\u00e4hrlichen Steuererkl\u00e4rung f\u00fcr Privatpersonen und Einzelunternehmungen.<\/strong><\/p>\t\t\t\t\t\t<\/div>\n\t\t\t\t<\/div>\n\t\t\t\t\t<\/div>\n\t\t<\/div>\n\t\t\t\t<div class=\"elementor-column elementor-col-50 elementor-top-column elementor-element elementor-element-1027987\" data-id=\"1027987\" data-element_type=\"column\">\n\t\t\t<div class=\"elementor-widget-wrap elementor-element-populated\">\n\t\t\t\t\t\t\t\t<div class=\"elementor-element elementor-element-06c3dd9 elementor-widget elementor-widget-text-editor\" data-id=\"06c3dd9\" data-element_type=\"widget\" data-widget_type=\"text-editor.default\">\n\t\t\t\t<div class=\"elementor-widget-container\">\n\t\t\t\t\t\t\t<p><strong>Professionelle Steuerberatung f\u00fcr eine planbare Steuerbelastung.<\/strong><\/p>\t\t\t\t\t\t<\/div>\n\t\t\t\t<\/div>\n\t\t\t\t\t<\/div>\n\t\t<\/div>\n\t\t\t\t\t\t\t<\/div>\n\t\t<\/section>\n\t\t\t\t<section class=\"elementor-section elementor-top-section elementor-element elementor-element-71851eb elementor-section-boxed elementor-section-height-default elementor-section-height-default\" data-id=\"71851eb\" data-element_type=\"section\">\n\t\t\t\t\t\t<div class=\"elementor-container elementor-column-gap-default\">\n\t\t\t\t\t<div class=\"elementor-column elementor-col-100 elementor-top-column elementor-element elementor-element-ac2c005\" data-id=\"ac2c005\" data-element_type=\"column\">\n\t\t\t<div class=\"elementor-widget-wrap elementor-element-populated\">\n\t\t\t\t\t\t\t\t<section class=\"elementor-section elementor-inner-section elementor-element elementor-element-80d3fa4 elementor-section-boxed elementor-section-height-default elementor-section-height-default\" data-id=\"80d3fa4\" data-element_type=\"section\">\n\t\t\t\t\t\t<div class=\"elementor-container elementor-column-gap-default\">\n\t\t\t\t\t<div class=\"elementor-column elementor-col-50 elementor-inner-column elementor-element elementor-element-d82e84e\" data-id=\"d82e84e\" data-element_type=\"column\">\n\t\t\t<div class=\"elementor-widget-wrap elementor-element-populated\">\n\t\t\t\t\t\t\t\t<div class=\"elementor-element elementor-element-dbe3223 elementor-widget elementor-widget-image\" data-id=\"dbe3223\" data-element_type=\"widget\" data-widget_type=\"image.default\">\n\t\t\t\t<div class=\"elementor-widget-container\">\n\t\t\t\t\t\t\t\t\t\t\t\t\t\t\t<img loading=\"lazy\" decoding=\"async\" width=\"1024\" height=\"1024\" src=\"https:\/\/fiduciaris.ch\/wp-content\/uploads\/2023\/02\/AdobeStock_57460404-1024x1024.jpeg\" class=\"attachment-large size-large wp-image-23216\" alt=\"\" srcset=\"https:\/\/fiduciaris.ch\/wp-content\/uploads\/2023\/02\/AdobeStock_57460404-1024x1024.jpeg 1024w, https:\/\/fiduciaris.ch\/wp-content\/uploads\/2023\/02\/AdobeStock_57460404-300x300.jpeg 300w, https:\/\/fiduciaris.ch\/wp-content\/uploads\/2023\/02\/AdobeStock_57460404-150x150.jpeg 150w, https:\/\/fiduciaris.ch\/wp-content\/uploads\/2023\/02\/AdobeStock_57460404-768x768.jpeg 768w, https:\/\/fiduciaris.ch\/wp-content\/uploads\/2023\/02\/AdobeStock_57460404-1536x1536.jpeg 1536w, https:\/\/fiduciaris.ch\/wp-content\/uploads\/2023\/02\/AdobeStock_57460404.jpeg 2048w, https:\/\/fiduciaris.ch\/wp-content\/uploads\/2023\/02\/AdobeStock_57460404-450x450.jpeg 450w, https:\/\/fiduciaris.ch\/wp-content\/uploads\/2023\/02\/AdobeStock_57460404-106x106.jpeg 106w, https:\/\/fiduciaris.ch\/wp-content\/uploads\/2023\/02\/AdobeStock_57460404-560x560.jpeg 560w, https:\/\/fiduciaris.ch\/wp-content\/uploads\/2023\/02\/AdobeStock_57460404-70x70.jpeg 70w\" sizes=\"auto, (max-width: 1024px) 100vw, 1024px\" \/>\t\t\t\t\t\t\t\t\t\t\t\t\t\t\t<\/div>\n\t\t\t\t<\/div>\n\t\t\t\t\t<\/div>\n\t\t<\/div>\n\t\t\t\t<div class=\"elementor-column elementor-col-50 elementor-inner-column elementor-element elementor-element-0e010ac\" data-id=\"0e010ac\" data-element_type=\"column\">\n\t\t\t<div class=\"elementor-widget-wrap elementor-element-populated\">\n\t\t\t\t\t\t\t\t<div class=\"elementor-element elementor-element-3850b44 elementor-widget elementor-widget-text-editor\" data-id=\"3850b44\" data-element_type=\"widget\" data-widget_type=\"text-editor.default\">\n\t\t\t\t<div class=\"elementor-widget-container\">\n\t\t\t\t\t\t\t<p>Seit \u00fcber 15 Jahren beraten wir unsere Kunden in unseren B\u00fcros in der James-\u00dcberbauung im Herzen von Albisrieden-Altstetten am westlichen Stadtrand von Z\u00fcrich.<\/p>\n<p>Wir legen grossen Wert auf pers\u00f6nliche Beratung.<\/p>\n<p>Bei einem ersten Treffen gehen wir auf die Bed\u00fcrfnisse und Anliegen unserer Kunden ein, um sie danach wunschgem\u00e4ss umzusetzen. Dabei besprechen wir das Vorgehen und erstellen danach die Steuererkl\u00e4rung.<\/p>\n<p>Bei einem zweiten Treffen besprechen wir gemeinsam die von uns erstellte Steuererkl\u00e4rung.<\/p>\n<p>Mit dieser Arbeitsweise stellen wir sicher, das bestm\u00f6gliche Ergebnis f\u00fcr unsere Kunden zu erzielen.<\/p>\n<p>Um eine optimale Steuerbelastung zu erlangen, ist eine langfristige Planung unerl\u00e4sslich.&nbsp;Dies setzt eine eingehende Besprechung voraus.<\/p>\n<p>Reservieren Sie sich einen&nbsp;<a href=\"https:\/\/fiduciaris.ch\/?page_id=894\" target=\"_blank\" rel=\"noopener\">Beratungstermin<\/a>. Wir beraten Sie gerne!<\/p>\t\t\t\t\t\t<\/div>\n\t\t\t\t<\/div>\n\t\t\t\t\t<\/div>\n\t\t<\/div>\n\t\t\t\t\t\t\t<\/div>\n\t\t<\/section>\n\t\t\t\t\t<\/div>\n\t\t<\/div>\n\t\t\t\t\t\t\t<\/div>\n\t\t<\/section>\n\t\t\t\t<section class=\"elementor-section elementor-top-section elementor-element elementor-element-1f5ba65 elementor-section-boxed elementor-section-height-default elementor-section-height-default\" data-id=\"1f5ba65\" data-element_type=\"section\">\n\t\t\t\t\t\t<div class=\"elementor-container elementor-column-gap-default\">\n\t\t\t\t\t<div class=\"elementor-column elementor-col-100 elementor-top-column elementor-element elementor-element-7d4443f\" data-id=\"7d4443f\" data-element_type=\"column\">\n\t\t\t<div class=\"elementor-widget-wrap elementor-element-populated\">\n\t\t\t\t\t\t\t\t<div class=\"elementor-element elementor-element-873ceff elementor-widget elementor-widget-spacer\" data-id=\"873ceff\" data-element_type=\"widget\" data-widget_type=\"spacer.default\">\n\t\t\t\t<div class=\"elementor-widget-container\">\n\t\t\t\t\t<div class=\"elementor-spacer\">\n\t\t\t<div class=\"elementor-spacer-inner\"><\/div>\n\t\t<\/div>\n\t\t\t\t<\/div>\n\t\t\t\t<\/div>\n\t\t\t\t\t<\/div>\n\t\t<\/div>\n\t\t\t\t\t\t\t<\/div>\n\t\t<\/section>\n\t\t\t\t\t\t\t<\/div>\n\t\t","protected":false},"excerpt":{"rendered":"<p>&nbsp; &#8220;Steuerberatung ist nicht nur eine Frage der Kompetenz.&#8221; &#8220;Steuerberatung ist vor allem eine Frage des Vertrauens.&#8221; Steuererkl\u00e4rung Steuerberatung Erstellen der j\u00e4hrlichen Steuererkl\u00e4rung f\u00fcr Privatpersonen und Einzelunternehmungen. Professionelle Steuerberatung f\u00fcr eine planbare Steuerbelastung. Seit \u00fcber 15 Jahren beraten wir unsere Kunden in unseren B\u00fcros in der James-\u00dcberbauung im Herzen von Albisrieden-Altstetten am westlichen Stadtrand von [&hellip;]<\/p>\n","protected":false},"author":1,"featured_media":0,"parent":0,"menu_order":0,"comment_status":"closed","ping_status":"closed","template":"template-home.php","meta":{"_mi_skip_tracking":false,"footnotes":""},"class_list":["post-2684","page","type-page","status-publish","hentry"],"aioseo_notices":[],"_links":{"self":[{"href":"https:\/\/fiduciaris.ch\/index.php?rest_route=\/wp\/v2\/pages\/2684","targetHints":{"allow":["GET"]}}],"collection":[{"href":"https:\/\/fiduciaris.ch\/index.php?rest_route=\/wp\/v2\/pages"}],"about":[{"href":"https:\/\/fiduciaris.ch\/index.php?rest_route=\/wp\/v2\/types\/page"}],"author":[{"embeddable":true,"href":"https:\/\/fiduciaris.ch\/index.php?rest_route=\/wp\/v2\/users\/1"}],"replies":[{"embeddable":true,"href":"https:\/\/fiduciaris.ch\/index.php?rest_route=%2Fwp%2Fv2%2Fcomments&post=2684"}],"version-history":[{"count":65,"href":"https:\/\/fiduciaris.ch\/index.php?rest_route=\/wp\/v2\/pages\/2684\/revisions"}],"predecessor-version":[{"id":23225,"href":"https:\/\/fiduciaris.ch\/index.php?rest_route=\/wp\/v2\/pages\/2684\/revisions\/23225"}],"wp:attachment":[{"href":"https:\/\/fiduciaris.ch\/index.php?rest_route=%2Fwp%2Fv2%2Fmedia&parent=2684"}],"curies":[{"name":"wp","href":"https:\/\/api.w.org\/{rel}","templated":true}]}}